{"id":263,"date":"2020-07-03T08:55:30","date_gmt":"2020-07-03T08:55:30","guid":{"rendered":"https:\/\/funevents.party\/product\/animation-kindertanzgruppe\/"},"modified":"2023-04-18T05:38:42","modified_gmt":"2023-04-18T05:38:42","slug":"animation-kindertanzgruppe","status":"publish","type":"product","link":"https:\/\/funevents.party\/de\/produkt\/animation-kindertanzgruppe\/","title":{"rendered":"Animation Kindertanzgruppe"},"content":{"rendered":"<p><span style=\"font-weight: 400;\">ZUSTAND:<\/span><\/p>\n<ul>\n<li><span style=\"font-weight: 400;\">maximal 10 Kinder  <\/span><\/li>\n<li><span style=\"font-weight: 400;\">Abdeckung Bozen, Meran, Eppan  <\/span><\/li>\n<li><span style=\"font-weight: 400;\">100%ige Vorauszahlung<\/span><\/li>\n<li><span style=\"font-weight: 400;\">2 Stunden Animation (zus\u00e4tzliche Stunde 75,00 Euro)<\/span><\/li>\n<li><span style=\"font-weight: 400;\">1 Animateur<\/span><\/li>\n<\/ul>\n","protected":false},"excerpt":{"rendered":"<p><span style=\"font-weight: 400;\">Tanzworkshop, bei dem das Geburtstagskind zusammen mit seinen Freunden eine eigens f\u00fcr sie kreierte Choreografie erlernt.<\/span><\/p>\n<ul>\n<li style=\"font-weight: 400;\"><span style=\"font-weight: 400;\">1 Animateur<\/span><\/li>\n<li style=\"font-weight: 400;\"><span style=\"font-weight: 400;\">Choreographie mit originellen und lustigen Schritten  <\/span><\/li>\n<li style=\"font-weight: 400;\"><span style=\"font-weight: 400;\">Glitzer-Tattoos<\/span><\/li>\n<li style=\"font-weight: 400;\"><span style=\"font-weight: 400;\">Wasserflasche und Minihandtuch f\u00fcr jeden T\u00e4nzer<\/span><\/li>\n<\/ul>\n","protected":false},"featured_media":923,"comment_status":"open","ping_status":"closed","template":"","meta":[],"product_brand":[],"product_cat":[41],"product_tag":[39],"class_list":{"0":"post-263","1":"product","2":"type-product","3":"status-publish","4":"has-post-thumbnail","6":"product_cat-kerle","7":"product_tag-animation","9":"first","10":"instock","11":"taxable","12":"shipping-taxable","13":"purchasable","14":"product-type-simple"},"yoast_head":"<!-- This site is optimized with the Yoast SEO plugin v27.4 - https:\/\/yoast.com\/product\/yoast-seo-wordpress\/ -->\n<title>Animation Kindertanzgruppe - Fun Events<\/title>\n<meta name=\"description\" content=\"Wir werden eine kleine, kindgerechte Detektivgeschichte erfinden, in der die Kinder in die Rolle von Detektiven schl\u00fcpfen und den Schuldigen aufsp\u00fcren m\u00fcssen.\" \/>\n<meta name=\"robots\" content=\"index, follow, max-snippet:-1, max-image-preview:large, max-video-preview:-1\" \/>\n<link rel=\"canonical\" href=\"https:\/\/funevents.party\/de\/produkt\/animation-kindertanzgruppe\/\" \/>\n<meta property=\"og:locale\" content=\"de_DE\" \/>\n<meta property=\"og:type\" content=\"article\" \/>\n<meta property=\"og:title\" content=\"Animation Kindertanzgruppe - Fun Events\" \/>\n<meta property=\"og:description\" content=\"Wir werden eine kleine, kindgerechte Detektivgeschichte erfinden, in der die Kinder in die Rolle von Detektiven schl\u00fcpfen und den Schuldigen aufsp\u00fcren m\u00fcssen.\" \/>\n<meta property=\"og:url\" content=\"https:\/\/funevents.party\/de\/produkt\/animation-kindertanzgruppe\/\" \/>\n<meta property=\"og:site_name\" content=\"Fun Events\" \/>\n<meta property=\"article:modified_time\" content=\"2023-04-18T05:38:42+00:00\" \/>\n<meta property=\"og:image\" content=\"https:\/\/funevents.party\/wp-content\/uploads\/2020\/07\/Sito-square-04.jpg\" \/>\n\t<meta property=\"og:image:width\" content=\"567\" \/>\n\t<meta property=\"og:image:height\" content=\"567\" \/>\n\t<meta property=\"og:image:type\" content=\"image\/jpeg\" \/>\n<meta name=\"twitter:card\" content=\"summary_large_image\" \/>\n<script type=\"application\/ld+json\" class=\"yoast-schema-graph\">{\"@context\":\"https:\\\/\\\/schema.org\",\"@graph\":[{\"@type\":\"WebPage\",\"@id\":\"https:\\\/\\\/funevents.party\\\/de\\\/produkt\\\/animation-kindertanzgruppe\\\/\",\"url\":\"https:\\\/\\\/funevents.party\\\/de\\\/produkt\\\/animation-kindertanzgruppe\\\/\",\"name\":\"Animation Kindertanzgruppe - Fun Events\",\"isPartOf\":{\"@id\":\"https:\\\/\\\/funevents.party\\\/de\\\/#website\"},\"primaryImageOfPage\":{\"@id\":\"https:\\\/\\\/funevents.party\\\/de\\\/produkt\\\/animation-kindertanzgruppe\\\/#primaryimage\"},\"image\":{\"@id\":\"https:\\\/\\\/funevents.party\\\/de\\\/produkt\\\/animation-kindertanzgruppe\\\/#primaryimage\"},\"thumbnailUrl\":\"https:\\\/\\\/funevents.party\\\/wp-content\\\/uploads\\\/2020\\\/07\\\/Sito-square-04.jpg\",\"datePublished\":\"2020-07-03T08:55:30+00:00\",\"dateModified\":\"2023-04-18T05:38:42+00:00\",\"description\":\"Wir werden eine kleine, kindgerechte Detektivgeschichte erfinden, in der die Kinder in die Rolle von Detektiven schl\u00fcpfen und den Schuldigen aufsp\u00fcren m\u00fcssen.\",\"breadcrumb\":{\"@id\":\"https:\\\/\\\/funevents.party\\\/de\\\/produkt\\\/animation-kindertanzgruppe\\\/#breadcrumb\"},\"inLanguage\":\"de\",\"potentialAction\":[{\"@type\":\"ReadAction\",\"target\":[\"https:\\\/\\\/funevents.party\\\/de\\\/produkt\\\/animation-kindertanzgruppe\\\/\"]}]},{\"@type\":\"ImageObject\",\"inLanguage\":\"de\",\"@id\":\"https:\\\/\\\/funevents.party\\\/de\\\/produkt\\\/animation-kindertanzgruppe\\\/#primaryimage\",\"url\":\"https:\\\/\\\/funevents.party\\\/wp-content\\\/uploads\\\/2020\\\/07\\\/Sito-square-04.jpg\",\"contentUrl\":\"https:\\\/\\\/funevents.party\\\/wp-content\\\/uploads\\\/2020\\\/07\\\/Sito-square-04.jpg\",\"width\":567,\"height\":567},{\"@type\":\"BreadcrumbList\",\"@id\":\"https:\\\/\\\/funevents.party\\\/de\\\/produkt\\\/animation-kindertanzgruppe\\\/#breadcrumb\",\"itemListElement\":[{\"@type\":\"ListItem\",\"position\":1,\"name\":\"Home\",\"item\":\"https:\\\/\\\/funevents.party\\\/de\\\/veranstaltungen-fuer-kinder\\\/\"},{\"@type\":\"ListItem\",\"position\":2,\"name\":\"Shop\",\"item\":\"https:\\\/\\\/funevents.party\\\/de\\\/shop-2\\\/\"},{\"@type\":\"ListItem\",\"position\":3,\"name\":\"Animation Kindertanzgruppe\"}]},{\"@type\":\"WebSite\",\"@id\":\"https:\\\/\\\/funevents.party\\\/de\\\/#website\",\"url\":\"https:\\\/\\\/funevents.party\\\/de\\\/\",\"name\":\"Fun Events\",\"description\":\"Esperienze indimenticabili per i bambini\",\"publisher\":{\"@id\":\"https:\\\/\\\/funevents.party\\\/de\\\/#organization\"},\"potentialAction\":[{\"@type\":\"SearchAction\",\"target\":{\"@type\":\"EntryPoint\",\"urlTemplate\":\"https:\\\/\\\/funevents.party\\\/de\\\/?s={search_term_string}\"},\"query-input\":{\"@type\":\"PropertyValueSpecification\",\"valueRequired\":true,\"valueName\":\"search_term_string\"}}],\"inLanguage\":\"de\"},{\"@type\":\"Organization\",\"@id\":\"https:\\\/\\\/funevents.party\\\/de\\\/#organization\",\"name\":\"Fun Events\",\"url\":\"https:\\\/\\\/funevents.party\\\/de\\\/\",\"logo\":{\"@type\":\"ImageObject\",\"inLanguage\":\"de\",\"@id\":\"https:\\\/\\\/funevents.party\\\/de\\\/#\\\/schema\\\/logo\\\/image\\\/\",\"url\":\"https:\\\/\\\/funevents.party\\\/wp-content\\\/uploads\\\/2020\\\/05\\\/Logo-Vertical.png\",\"contentUrl\":\"https:\\\/\\\/funevents.party\\\/wp-content\\\/uploads\\\/2020\\\/05\\\/Logo-Vertical.png\",\"width\":2479,\"height\":1328,\"caption\":\"Fun Events\"},\"image\":{\"@id\":\"https:\\\/\\\/funevents.party\\\/de\\\/#\\\/schema\\\/logo\\\/image\\\/\"}}]}<\/script>\n<!-- \/ Yoast SEO plugin. -->","yoast_head_json":{"title":"Animation Kindertanzgruppe - Fun Events","description":"Wir werden eine kleine, kindgerechte Detektivgeschichte erfinden, in der die Kinder in die Rolle von Detektiven schl\u00fcpfen und den Schuldigen aufsp\u00fcren m\u00fcssen.","robots":{"index":"index","follow":"follow","max-snippet":"max-snippet:-1","max-image-preview":"max-image-preview:large","max-video-preview":"max-video-preview:-1"},"canonical":"https:\/\/funevents.party\/de\/produkt\/animation-kindertanzgruppe\/","og_locale":"de_DE","og_type":"article","og_title":"Animation Kindertanzgruppe - Fun Events","og_description":"Wir werden eine kleine, kindgerechte Detektivgeschichte erfinden, in der die Kinder in die Rolle von Detektiven schl\u00fcpfen und den Schuldigen aufsp\u00fcren m\u00fcssen.","og_url":"https:\/\/funevents.party\/de\/produkt\/animation-kindertanzgruppe\/","og_site_name":"Fun Events","article_modified_time":"2023-04-18T05:38:42+00:00","og_image":[{"width":567,"height":567,"url":"https:\/\/funevents.party\/wp-content\/uploads\/2020\/07\/Sito-square-04.jpg","type":"image\/jpeg"}],"twitter_card":"summary_large_image","schema":{"@context":"https:\/\/schema.org","@graph":[{"@type":"WebPage","@id":"https:\/\/funevents.party\/de\/produkt\/animation-kindertanzgruppe\/","url":"https:\/\/funevents.party\/de\/produkt\/animation-kindertanzgruppe\/","name":"Animation Kindertanzgruppe - Fun Events","isPartOf":{"@id":"https:\/\/funevents.party\/de\/#website"},"primaryImageOfPage":{"@id":"https:\/\/funevents.party\/de\/produkt\/animation-kindertanzgruppe\/#primaryimage"},"image":{"@id":"https:\/\/funevents.party\/de\/produkt\/animation-kindertanzgruppe\/#primaryimage"},"thumbnailUrl":"https:\/\/funevents.party\/wp-content\/uploads\/2020\/07\/Sito-square-04.jpg","datePublished":"2020-07-03T08:55:30+00:00","dateModified":"2023-04-18T05:38:42+00:00","description":"Wir werden eine kleine, kindgerechte Detektivgeschichte erfinden, in der die Kinder in die Rolle von Detektiven schl\u00fcpfen und den Schuldigen aufsp\u00fcren m\u00fcssen.","breadcrumb":{"@id":"https:\/\/funevents.party\/de\/produkt\/animation-kindertanzgruppe\/#breadcrumb"},"inLanguage":"de","potentialAction":[{"@type":"ReadAction","target":["https:\/\/funevents.party\/de\/produkt\/animation-kindertanzgruppe\/"]}]},{"@type":"ImageObject","inLanguage":"de","@id":"https:\/\/funevents.party\/de\/produkt\/animation-kindertanzgruppe\/#primaryimage","url":"https:\/\/funevents.party\/wp-content\/uploads\/2020\/07\/Sito-square-04.jpg","contentUrl":"https:\/\/funevents.party\/wp-content\/uploads\/2020\/07\/Sito-square-04.jpg","width":567,"height":567},{"@type":"BreadcrumbList","@id":"https:\/\/funevents.party\/de\/produkt\/animation-kindertanzgruppe\/#breadcrumb","itemListElement":[{"@type":"ListItem","position":1,"name":"Home","item":"https:\/\/funevents.party\/de\/veranstaltungen-fuer-kinder\/"},{"@type":"ListItem","position":2,"name":"Shop","item":"https:\/\/funevents.party\/de\/shop-2\/"},{"@type":"ListItem","position":3,"name":"Animation Kindertanzgruppe"}]},{"@type":"WebSite","@id":"https:\/\/funevents.party\/de\/#website","url":"https:\/\/funevents.party\/de\/","name":"Fun Events","description":"Esperienze indimenticabili per i bambini","publisher":{"@id":"https:\/\/funevents.party\/de\/#organization"},"potentialAction":[{"@type":"SearchAction","target":{"@type":"EntryPoint","urlTemplate":"https:\/\/funevents.party\/de\/?s={search_term_string}"},"query-input":{"@type":"PropertyValueSpecification","valueRequired":true,"valueName":"search_term_string"}}],"inLanguage":"de"},{"@type":"Organization","@id":"https:\/\/funevents.party\/de\/#organization","name":"Fun Events","url":"https:\/\/funevents.party\/de\/","logo":{"@type":"ImageObject","inLanguage":"de","@id":"https:\/\/funevents.party\/de\/#\/schema\/logo\/image\/","url":"https:\/\/funevents.party\/wp-content\/uploads\/2020\/05\/Logo-Vertical.png","contentUrl":"https:\/\/funevents.party\/wp-content\/uploads\/2020\/05\/Logo-Vertical.png","width":2479,"height":1328,"caption":"Fun Events"},"image":{"@id":"https:\/\/funevents.party\/de\/#\/schema\/logo\/image\/"}}]}},"_links":{"self":[{"href":"https:\/\/funevents.party\/de\/wp-json\/wp\/v2\/product\/263","targetHints":{"allow":["GET"]}}],"collection":[{"href":"https:\/\/funevents.party\/de\/wp-json\/wp\/v2\/product"}],"about":[{"href":"https:\/\/funevents.party\/de\/wp-json\/wp\/v2\/types\/product"}],"replies":[{"embeddable":true,"href":"https:\/\/funevents.party\/de\/wp-json\/wp\/v2\/comments?post=263"}],"wp:featuredmedia":[{"embeddable":true,"href":"https:\/\/funevents.party\/de\/wp-json\/wp\/v2\/media\/923"}],"wp:attachment":[{"href":"https:\/\/funevents.party\/de\/wp-json\/wp\/v2\/media?parent=263"}],"wp:term":[{"taxonomy":"product_brand","embeddable":true,"href":"https:\/\/funevents.party\/de\/wp-json\/wp\/v2\/product_brand?post=263"},{"taxonomy":"product_cat","embeddable":true,"href":"https:\/\/funevents.party\/de\/wp-json\/wp\/v2\/product_cat?post=263"},{"taxonomy":"product_tag","embeddable":true,"href":"https:\/\/funevents.party\/de\/wp-json\/wp\/v2\/product_tag?post=263"}],"curies":[{"name":"wp","href":"https:\/\/api.w.org\/{rel}","templated":true}]}}