{"id":246,"date":"2020-06-04T20:49:02","date_gmt":"2020-06-04T20:49:02","guid":{"rendered":"https:\/\/funevents.party\/product\/pignatta\/"},"modified":"2023-04-18T05:38:38","modified_gmt":"2023-04-18T05:38:38","slug":"pinata","status":"publish","type":"product","link":"https:\/\/funevents.party\/de\/produkt\/pinata\/","title":{"rendered":"Pignatta"},"content":{"rendered":"<p>ZUSTAND:<\/p>\n<ul>\n<li>maximal 12 Kinder<\/li>\n<li>Postversand Bozen, Leifers, Lana Meran, Eppan, Kalterer<\/li>\n<li>100%ige Vorauszahlung<\/li>\n<\/ul>\n","protected":false},"excerpt":{"rendered":"<p>Die Pi\u00f1ata wird auch als Topf bezeichnet. Die Pignatta wird traditionell aus einem Tontopf hergestellt, der mit Papier \u00fcberzogen und anschlie\u00dfend bemalt oder mit buntem Seidenpapier verziert wird. Die Pinata kann mit S\u00fc\u00dfigkeiten oder anderen Gadgets gef\u00fcllt werden, manchmal auch mit kleinen Spielzeugen in beliebiger Form, z. B. Tiere, Superhelden oder Zeichentrickfiguren.<\/p>\n","protected":false},"featured_media":210,"comment_status":"open","ping_status":"closed","template":"","meta":[],"product_brand":[],"product_cat":[42,40],"product_tag":[43],"class_list":{"0":"post-246","1":"product","2":"type-product","3":"status-publish","4":"has-post-thumbnail","6":"product_cat-aufstellungen","7":"product_cat-kinder","8":"product_tag-aufstellungen","10":"first","11":"instock","12":"virtual","13":"taxable","14":"purchasable","15":"product-type-simple"},"yoast_head":"<!-- This site is optimized with the Yoast SEO plugin v27.4 - https:\/\/yoast.com\/product\/yoast-seo-wordpress\/ -->\n<title>Pignatta - Fun Events<\/title>\n<meta name=\"robots\" content=\"index, follow, max-snippet:-1, max-image-preview:large, max-video-preview:-1\" \/>\n<link rel=\"canonical\" href=\"https:\/\/funevents.party\/de\/produkt\/pinata\/\" \/>\n<meta property=\"og:locale\" content=\"de_DE\" \/>\n<meta property=\"og:type\" content=\"article\" \/>\n<meta property=\"og:title\" content=\"Pignatta - Fun Events\" \/>\n<meta property=\"og:description\" content=\"Die Pi\u00f1ata wird auch als Topf bezeichnet. Die Pignatta wird traditionell aus einem Tontopf hergestellt, der mit Papier \u00fcberzogen und anschlie\u00dfend bemalt oder mit buntem Seidenpapier verziert wird. Die Pinata kann mit S\u00fc\u00dfigkeiten oder anderen Gadgets gef\u00fcllt werden, manchmal auch mit kleinen Spielzeugen in beliebiger Form, z. B. Tiere, Superhelden oder Zeichentrickfiguren.\" \/>\n<meta property=\"og:url\" content=\"https:\/\/funevents.party\/de\/produkt\/pinata\/\" \/>\n<meta property=\"og:site_name\" content=\"Fun Events\" \/>\n<meta property=\"article:modified_time\" content=\"2023-04-18T05:38:38+00:00\" \/>\n<meta property=\"og:image\" content=\"https:\/\/funevents.party\/wp-content\/uploads\/2020\/06\/Pack-Pignatta.png\" \/>\n\t<meta property=\"og:image:width\" content=\"500\" \/>\n\t<meta property=\"og:image:height\" content=\"500\" \/>\n\t<meta property=\"og:image:type\" content=\"image\/png\" \/>\n<meta name=\"twitter:card\" content=\"summary_large_image\" \/>\n<script type=\"application\/ld+json\" class=\"yoast-schema-graph\">{\"@context\":\"https:\\\/\\\/schema.org\",\"@graph\":[{\"@type\":\"WebPage\",\"@id\":\"https:\\\/\\\/funevents.party\\\/de\\\/produkt\\\/pinata\\\/\",\"url\":\"https:\\\/\\\/funevents.party\\\/de\\\/produkt\\\/pinata\\\/\",\"name\":\"Pignatta - Fun Events\",\"isPartOf\":{\"@id\":\"https:\\\/\\\/funevents.party\\\/de\\\/#website\"},\"primaryImageOfPage\":{\"@id\":\"https:\\\/\\\/funevents.party\\\/de\\\/produkt\\\/pinata\\\/#primaryimage\"},\"image\":{\"@id\":\"https:\\\/\\\/funevents.party\\\/de\\\/produkt\\\/pinata\\\/#primaryimage\"},\"thumbnailUrl\":\"https:\\\/\\\/funevents.party\\\/wp-content\\\/uploads\\\/2020\\\/06\\\/Pack-Pignatta.png\",\"datePublished\":\"2020-06-04T20:49:02+00:00\",\"dateModified\":\"2023-04-18T05:38:38+00:00\",\"breadcrumb\":{\"@id\":\"https:\\\/\\\/funevents.party\\\/de\\\/produkt\\\/pinata\\\/#breadcrumb\"},\"inLanguage\":\"de\",\"potentialAction\":[{\"@type\":\"ReadAction\",\"target\":[\"https:\\\/\\\/funevents.party\\\/de\\\/produkt\\\/pinata\\\/\"]}]},{\"@type\":\"ImageObject\",\"inLanguage\":\"de\",\"@id\":\"https:\\\/\\\/funevents.party\\\/de\\\/produkt\\\/pinata\\\/#primaryimage\",\"url\":\"https:\\\/\\\/funevents.party\\\/wp-content\\\/uploads\\\/2020\\\/06\\\/Pack-Pignatta.png\",\"contentUrl\":\"https:\\\/\\\/funevents.party\\\/wp-content\\\/uploads\\\/2020\\\/06\\\/Pack-Pignatta.png\",\"width\":500,\"height\":500},{\"@type\":\"BreadcrumbList\",\"@id\":\"https:\\\/\\\/funevents.party\\\/de\\\/produkt\\\/pinata\\\/#breadcrumb\",\"itemListElement\":[{\"@type\":\"ListItem\",\"position\":1,\"name\":\"Home\",\"item\":\"https:\\\/\\\/funevents.party\\\/de\\\/veranstaltungen-fuer-kinder\\\/\"},{\"@type\":\"ListItem\",\"position\":2,\"name\":\"Shop\",\"item\":\"https:\\\/\\\/funevents.party\\\/de\\\/shop-2\\\/\"},{\"@type\":\"ListItem\",\"position\":3,\"name\":\"Pignatta\"}]},{\"@type\":\"WebSite\",\"@id\":\"https:\\\/\\\/funevents.party\\\/de\\\/#website\",\"url\":\"https:\\\/\\\/funevents.party\\\/de\\\/\",\"name\":\"Fun Events\",\"description\":\"Esperienze indimenticabili per i bambini\",\"publisher\":{\"@id\":\"https:\\\/\\\/funevents.party\\\/de\\\/#organization\"},\"potentialAction\":[{\"@type\":\"SearchAction\",\"target\":{\"@type\":\"EntryPoint\",\"urlTemplate\":\"https:\\\/\\\/funevents.party\\\/de\\\/?s={search_term_string}\"},\"query-input\":{\"@type\":\"PropertyValueSpecification\",\"valueRequired\":true,\"valueName\":\"search_term_string\"}}],\"inLanguage\":\"de\"},{\"@type\":\"Organization\",\"@id\":\"https:\\\/\\\/funevents.party\\\/de\\\/#organization\",\"name\":\"Fun Events\",\"url\":\"https:\\\/\\\/funevents.party\\\/de\\\/\",\"logo\":{\"@type\":\"ImageObject\",\"inLanguage\":\"de\",\"@id\":\"https:\\\/\\\/funevents.party\\\/de\\\/#\\\/schema\\\/logo\\\/image\\\/\",\"url\":\"https:\\\/\\\/funevents.party\\\/wp-content\\\/uploads\\\/2020\\\/05\\\/Logo-Vertical.png\",\"contentUrl\":\"https:\\\/\\\/funevents.party\\\/wp-content\\\/uploads\\\/2020\\\/05\\\/Logo-Vertical.png\",\"width\":2479,\"height\":1328,\"caption\":\"Fun Events\"},\"image\":{\"@id\":\"https:\\\/\\\/funevents.party\\\/de\\\/#\\\/schema\\\/logo\\\/image\\\/\"}}]}<\/script>\n<!-- \/ Yoast SEO plugin. -->","yoast_head_json":{"title":"Pignatta - Fun Events","robots":{"index":"index","follow":"follow","max-snippet":"max-snippet:-1","max-image-preview":"max-image-preview:large","max-video-preview":"max-video-preview:-1"},"canonical":"https:\/\/funevents.party\/de\/produkt\/pinata\/","og_locale":"de_DE","og_type":"article","og_title":"Pignatta - Fun Events","og_description":"Die Pi\u00f1ata wird auch als Topf bezeichnet. Die Pignatta wird traditionell aus einem Tontopf hergestellt, der mit Papier \u00fcberzogen und anschlie\u00dfend bemalt oder mit buntem Seidenpapier verziert wird. Die Pinata kann mit S\u00fc\u00dfigkeiten oder anderen Gadgets gef\u00fcllt werden, manchmal auch mit kleinen Spielzeugen in beliebiger Form, z. B. Tiere, Superhelden oder Zeichentrickfiguren.","og_url":"https:\/\/funevents.party\/de\/produkt\/pinata\/","og_site_name":"Fun Events","article_modified_time":"2023-04-18T05:38:38+00:00","og_image":[{"width":500,"height":500,"url":"https:\/\/funevents.party\/wp-content\/uploads\/2020\/06\/Pack-Pignatta.png","type":"image\/png"}],"twitter_card":"summary_large_image","schema":{"@context":"https:\/\/schema.org","@graph":[{"@type":"WebPage","@id":"https:\/\/funevents.party\/de\/produkt\/pinata\/","url":"https:\/\/funevents.party\/de\/produkt\/pinata\/","name":"Pignatta - Fun Events","isPartOf":{"@id":"https:\/\/funevents.party\/de\/#website"},"primaryImageOfPage":{"@id":"https:\/\/funevents.party\/de\/produkt\/pinata\/#primaryimage"},"image":{"@id":"https:\/\/funevents.party\/de\/produkt\/pinata\/#primaryimage"},"thumbnailUrl":"https:\/\/funevents.party\/wp-content\/uploads\/2020\/06\/Pack-Pignatta.png","datePublished":"2020-06-04T20:49:02+00:00","dateModified":"2023-04-18T05:38:38+00:00","breadcrumb":{"@id":"https:\/\/funevents.party\/de\/produkt\/pinata\/#breadcrumb"},"inLanguage":"de","potentialAction":[{"@type":"ReadAction","target":["https:\/\/funevents.party\/de\/produkt\/pinata\/"]}]},{"@type":"ImageObject","inLanguage":"de","@id":"https:\/\/funevents.party\/de\/produkt\/pinata\/#primaryimage","url":"https:\/\/funevents.party\/wp-content\/uploads\/2020\/06\/Pack-Pignatta.png","contentUrl":"https:\/\/funevents.party\/wp-content\/uploads\/2020\/06\/Pack-Pignatta.png","width":500,"height":500},{"@type":"BreadcrumbList","@id":"https:\/\/funevents.party\/de\/produkt\/pinata\/#breadcrumb","itemListElement":[{"@type":"ListItem","position":1,"name":"Home","item":"https:\/\/funevents.party\/de\/veranstaltungen-fuer-kinder\/"},{"@type":"ListItem","position":2,"name":"Shop","item":"https:\/\/funevents.party\/de\/shop-2\/"},{"@type":"ListItem","position":3,"name":"Pignatta"}]},{"@type":"WebSite","@id":"https:\/\/funevents.party\/de\/#website","url":"https:\/\/funevents.party\/de\/","name":"Fun Events","description":"Esperienze indimenticabili per i bambini","publisher":{"@id":"https:\/\/funevents.party\/de\/#organization"},"potentialAction":[{"@type":"SearchAction","target":{"@type":"EntryPoint","urlTemplate":"https:\/\/funevents.party\/de\/?s={search_term_string}"},"query-input":{"@type":"PropertyValueSpecification","valueRequired":true,"valueName":"search_term_string"}}],"inLanguage":"de"},{"@type":"Organization","@id":"https:\/\/funevents.party\/de\/#organization","name":"Fun Events","url":"https:\/\/funevents.party\/de\/","logo":{"@type":"ImageObject","inLanguage":"de","@id":"https:\/\/funevents.party\/de\/#\/schema\/logo\/image\/","url":"https:\/\/funevents.party\/wp-content\/uploads\/2020\/05\/Logo-Vertical.png","contentUrl":"https:\/\/funevents.party\/wp-content\/uploads\/2020\/05\/Logo-Vertical.png","width":2479,"height":1328,"caption":"Fun Events"},"image":{"@id":"https:\/\/funevents.party\/de\/#\/schema\/logo\/image\/"}}]}},"_links":{"self":[{"href":"https:\/\/funevents.party\/de\/wp-json\/wp\/v2\/product\/246","targetHints":{"allow":["GET"]}}],"collection":[{"href":"https:\/\/funevents.party\/de\/wp-json\/wp\/v2\/product"}],"about":[{"href":"https:\/\/funevents.party\/de\/wp-json\/wp\/v2\/types\/product"}],"replies":[{"embeddable":true,"href":"https:\/\/funevents.party\/de\/wp-json\/wp\/v2\/comments?post=246"}],"wp:featuredmedia":[{"embeddable":true,"href":"https:\/\/funevents.party\/de\/wp-json\/wp\/v2\/media\/210"}],"wp:attachment":[{"href":"https:\/\/funevents.party\/de\/wp-json\/wp\/v2\/media?parent=246"}],"wp:term":[{"taxonomy":"product_brand","embeddable":true,"href":"https:\/\/funevents.party\/de\/wp-json\/wp\/v2\/product_brand?post=246"},{"taxonomy":"product_cat","embeddable":true,"href":"https:\/\/funevents.party\/de\/wp-json\/wp\/v2\/product_cat?post=246"},{"taxonomy":"product_tag","embeddable":true,"href":"https:\/\/funevents.party\/de\/wp-json\/wp\/v2\/product_tag?post=246"}],"curies":[{"name":"wp","href":"https:\/\/api.w.org\/{rel}","templated":true}]}}