{"id":230,"date":"2020-06-02T16:02:36","date_gmt":"2020-06-02T16:02:36","guid":{"rendered":"https:\/\/funevents.party\/product\/junior-kinderanimationen\/"},"modified":"2023-04-18T05:38:32","modified_gmt":"2023-04-18T05:38:32","slug":"animationen-kinder","status":"publish","type":"product","link":"https:\/\/funevents.party\/de\/produkt\/animationen-kinder\/","title":{"rendered":"Junior Kinderanimationen"},"content":{"rendered":"<p>ZUSTAND:<\/p>\n<ul>\n<li>maximal 12 Kinder<\/li>\n<li>Abdeckung Bozen, Leifers, Lana Meran, Eppan, Kaltern<\/li>\n<li>100%ige Vorauszahlung<\/li>\n<li>2 Stunden Animation (zus\u00e4tzliche Stunde 60,00 Euro)<\/li>\n<li>1 Animateur<\/li>\n<\/ul>\n","protected":false},"excerpt":{"rendered":"<p>Der Animateur ist f\u00fcr die Unterhaltung der kleinen Partyg\u00e4ste zust\u00e4ndig.<\/p>\n<ul>\n<li>Buntes Make-up oder Tattoos<\/li>\n<li>Modellierballons<\/li>\n<li>Babytanz und\/oder Spiele<\/li>\n<\/ul>\n","protected":false},"featured_media":925,"comment_status":"open","ping_status":"closed","template":"","meta":[],"product_brand":[],"product_cat":[],"product_tag":[39],"class_list":{"0":"post-230","1":"product","2":"type-product","3":"status-publish","4":"has-post-thumbnail","6":"product_tag-animation","8":"first","9":"instock","10":"virtual","11":"taxable","12":"purchasable","13":"product-type-simple"},"yoast_head":"<!-- This site is optimized with the Yoast SEO plugin v27.4 - https:\/\/yoast.com\/product\/yoast-seo-wordpress\/ -->\n<title>Junior Kinderanimationen - Fun Events<\/title>\n<meta name=\"description\" content=\"Der Animateur ist f\u00fcr die Unterhaltung der kleinen Festteilnehmer (bis zu 12 Kinder) in Bozen, Leifers, Lana Merano, Eppan und Kalterer zust\u00e4ndig.\" \/>\n<meta name=\"robots\" content=\"index, follow, max-snippet:-1, max-image-preview:large, max-video-preview:-1\" \/>\n<link rel=\"canonical\" href=\"https:\/\/funevents.party\/de\/produkt\/animationen-kinder\/\" \/>\n<meta property=\"og:locale\" content=\"de_DE\" \/>\n<meta property=\"og:type\" content=\"article\" \/>\n<meta property=\"og:title\" content=\"Junior Kinderanimationen - Fun Events\" \/>\n<meta property=\"og:description\" content=\"Der Animateur ist f\u00fcr die Unterhaltung der kleinen Festteilnehmer (bis zu 12 Kinder) in Bozen, Leifers, Lana Merano, Eppan und Kalterer zust\u00e4ndig.\" \/>\n<meta property=\"og:url\" content=\"https:\/\/funevents.party\/de\/produkt\/animationen-kinder\/\" \/>\n<meta property=\"og:site_name\" content=\"Fun Events\" \/>\n<meta property=\"article:modified_time\" content=\"2023-04-18T05:38:32+00:00\" \/>\n<meta property=\"og:image\" content=\"https:\/\/funevents.party\/wp-content\/uploads\/2020\/06\/Sito-square-02.jpg\" \/>\n\t<meta property=\"og:image:width\" content=\"567\" \/>\n\t<meta property=\"og:image:height\" content=\"567\" \/>\n\t<meta property=\"og:image:type\" content=\"image\/jpeg\" \/>\n<meta name=\"twitter:card\" content=\"summary_large_image\" \/>\n<script type=\"application\/ld+json\" class=\"yoast-schema-graph\">{\"@context\":\"https:\\\/\\\/schema.org\",\"@graph\":[{\"@type\":\"WebPage\",\"@id\":\"https:\\\/\\\/funevents.party\\\/de\\\/produkt\\\/animationen-kinder\\\/\",\"url\":\"https:\\\/\\\/funevents.party\\\/de\\\/produkt\\\/animationen-kinder\\\/\",\"name\":\"Junior Kinderanimationen - Fun Events\",\"isPartOf\":{\"@id\":\"https:\\\/\\\/funevents.party\\\/de\\\/#website\"},\"primaryImageOfPage\":{\"@id\":\"https:\\\/\\\/funevents.party\\\/de\\\/produkt\\\/animationen-kinder\\\/#primaryimage\"},\"image\":{\"@id\":\"https:\\\/\\\/funevents.party\\\/de\\\/produkt\\\/animationen-kinder\\\/#primaryimage\"},\"thumbnailUrl\":\"https:\\\/\\\/funevents.party\\\/wp-content\\\/uploads\\\/2020\\\/06\\\/Sito-square-02.jpg\",\"datePublished\":\"2020-06-02T16:02:36+00:00\",\"dateModified\":\"2023-04-18T05:38:32+00:00\",\"description\":\"Der Animateur ist f\u00fcr die Unterhaltung der kleinen Festteilnehmer (bis zu 12 Kinder) in Bozen, Leifers, Lana Merano, Eppan und Kalterer zust\u00e4ndig.\",\"breadcrumb\":{\"@id\":\"https:\\\/\\\/funevents.party\\\/de\\\/produkt\\\/animationen-kinder\\\/#breadcrumb\"},\"inLanguage\":\"de\",\"potentialAction\":[{\"@type\":\"ReadAction\",\"target\":[\"https:\\\/\\\/funevents.party\\\/de\\\/produkt\\\/animationen-kinder\\\/\"]}]},{\"@type\":\"ImageObject\",\"inLanguage\":\"de\",\"@id\":\"https:\\\/\\\/funevents.party\\\/de\\\/produkt\\\/animationen-kinder\\\/#primaryimage\",\"url\":\"https:\\\/\\\/funevents.party\\\/wp-content\\\/uploads\\\/2020\\\/06\\\/Sito-square-02.jpg\",\"contentUrl\":\"https:\\\/\\\/funevents.party\\\/wp-content\\\/uploads\\\/2020\\\/06\\\/Sito-square-02.jpg\",\"width\":567,\"height\":567},{\"@type\":\"BreadcrumbList\",\"@id\":\"https:\\\/\\\/funevents.party\\\/de\\\/produkt\\\/animationen-kinder\\\/#breadcrumb\",\"itemListElement\":[{\"@type\":\"ListItem\",\"position\":1,\"name\":\"Home\",\"item\":\"https:\\\/\\\/funevents.party\\\/de\\\/veranstaltungen-fuer-kinder\\\/\"},{\"@type\":\"ListItem\",\"position\":2,\"name\":\"Shop\",\"item\":\"https:\\\/\\\/funevents.party\\\/de\\\/shop-2\\\/\"},{\"@type\":\"ListItem\",\"position\":3,\"name\":\"Junior Kinderanimationen\"}]},{\"@type\":\"WebSite\",\"@id\":\"https:\\\/\\\/funevents.party\\\/de\\\/#website\",\"url\":\"https:\\\/\\\/funevents.party\\\/de\\\/\",\"name\":\"Fun Events\",\"description\":\"Esperienze indimenticabili per i bambini\",\"publisher\":{\"@id\":\"https:\\\/\\\/funevents.party\\\/de\\\/#organization\"},\"potentialAction\":[{\"@type\":\"SearchAction\",\"target\":{\"@type\":\"EntryPoint\",\"urlTemplate\":\"https:\\\/\\\/funevents.party\\\/de\\\/?s={search_term_string}\"},\"query-input\":{\"@type\":\"PropertyValueSpecification\",\"valueRequired\":true,\"valueName\":\"search_term_string\"}}],\"inLanguage\":\"de\"},{\"@type\":\"Organization\",\"@id\":\"https:\\\/\\\/funevents.party\\\/de\\\/#organization\",\"name\":\"Fun Events\",\"url\":\"https:\\\/\\\/funevents.party\\\/de\\\/\",\"logo\":{\"@type\":\"ImageObject\",\"inLanguage\":\"de\",\"@id\":\"https:\\\/\\\/funevents.party\\\/de\\\/#\\\/schema\\\/logo\\\/image\\\/\",\"url\":\"https:\\\/\\\/funevents.party\\\/wp-content\\\/uploads\\\/2020\\\/05\\\/Logo-Vertical.png\",\"contentUrl\":\"https:\\\/\\\/funevents.party\\\/wp-content\\\/uploads\\\/2020\\\/05\\\/Logo-Vertical.png\",\"width\":2479,\"height\":1328,\"caption\":\"Fun Events\"},\"image\":{\"@id\":\"https:\\\/\\\/funevents.party\\\/de\\\/#\\\/schema\\\/logo\\\/image\\\/\"}}]}<\/script>\n<!-- \/ Yoast SEO plugin. -->","yoast_head_json":{"title":"Junior Kinderanimationen - Fun Events","description":"Der Animateur ist f\u00fcr die Unterhaltung der kleinen Festteilnehmer (bis zu 12 Kinder) in Bozen, Leifers, Lana Merano, Eppan und Kalterer zust\u00e4ndig.","robots":{"index":"index","follow":"follow","max-snippet":"max-snippet:-1","max-image-preview":"max-image-preview:large","max-video-preview":"max-video-preview:-1"},"canonical":"https:\/\/funevents.party\/de\/produkt\/animationen-kinder\/","og_locale":"de_DE","og_type":"article","og_title":"Junior Kinderanimationen - Fun Events","og_description":"Der Animateur ist f\u00fcr die Unterhaltung der kleinen Festteilnehmer (bis zu 12 Kinder) in Bozen, Leifers, Lana Merano, Eppan und Kalterer zust\u00e4ndig.","og_url":"https:\/\/funevents.party\/de\/produkt\/animationen-kinder\/","og_site_name":"Fun Events","article_modified_time":"2023-04-18T05:38:32+00:00","og_image":[{"width":567,"height":567,"url":"https:\/\/funevents.party\/wp-content\/uploads\/2020\/06\/Sito-square-02.jpg","type":"image\/jpeg"}],"twitter_card":"summary_large_image","schema":{"@context":"https:\/\/schema.org","@graph":[{"@type":"WebPage","@id":"https:\/\/funevents.party\/de\/produkt\/animationen-kinder\/","url":"https:\/\/funevents.party\/de\/produkt\/animationen-kinder\/","name":"Junior Kinderanimationen - Fun Events","isPartOf":{"@id":"https:\/\/funevents.party\/de\/#website"},"primaryImageOfPage":{"@id":"https:\/\/funevents.party\/de\/produkt\/animationen-kinder\/#primaryimage"},"image":{"@id":"https:\/\/funevents.party\/de\/produkt\/animationen-kinder\/#primaryimage"},"thumbnailUrl":"https:\/\/funevents.party\/wp-content\/uploads\/2020\/06\/Sito-square-02.jpg","datePublished":"2020-06-02T16:02:36+00:00","dateModified":"2023-04-18T05:38:32+00:00","description":"Der Animateur ist f\u00fcr die Unterhaltung der kleinen Festteilnehmer (bis zu 12 Kinder) in Bozen, Leifers, Lana Merano, Eppan und Kalterer zust\u00e4ndig.","breadcrumb":{"@id":"https:\/\/funevents.party\/de\/produkt\/animationen-kinder\/#breadcrumb"},"inLanguage":"de","potentialAction":[{"@type":"ReadAction","target":["https:\/\/funevents.party\/de\/produkt\/animationen-kinder\/"]}]},{"@type":"ImageObject","inLanguage":"de","@id":"https:\/\/funevents.party\/de\/produkt\/animationen-kinder\/#primaryimage","url":"https:\/\/funevents.party\/wp-content\/uploads\/2020\/06\/Sito-square-02.jpg","contentUrl":"https:\/\/funevents.party\/wp-content\/uploads\/2020\/06\/Sito-square-02.jpg","width":567,"height":567},{"@type":"BreadcrumbList","@id":"https:\/\/funevents.party\/de\/produkt\/animationen-kinder\/#breadcrumb","itemListElement":[{"@type":"ListItem","position":1,"name":"Home","item":"https:\/\/funevents.party\/de\/veranstaltungen-fuer-kinder\/"},{"@type":"ListItem","position":2,"name":"Shop","item":"https:\/\/funevents.party\/de\/shop-2\/"},{"@type":"ListItem","position":3,"name":"Junior Kinderanimationen"}]},{"@type":"WebSite","@id":"https:\/\/funevents.party\/de\/#website","url":"https:\/\/funevents.party\/de\/","name":"Fun Events","description":"Esperienze indimenticabili per i bambini","publisher":{"@id":"https:\/\/funevents.party\/de\/#organization"},"potentialAction":[{"@type":"SearchAction","target":{"@type":"EntryPoint","urlTemplate":"https:\/\/funevents.party\/de\/?s={search_term_string}"},"query-input":{"@type":"PropertyValueSpecification","valueRequired":true,"valueName":"search_term_string"}}],"inLanguage":"de"},{"@type":"Organization","@id":"https:\/\/funevents.party\/de\/#organization","name":"Fun Events","url":"https:\/\/funevents.party\/de\/","logo":{"@type":"ImageObject","inLanguage":"de","@id":"https:\/\/funevents.party\/de\/#\/schema\/logo\/image\/","url":"https:\/\/funevents.party\/wp-content\/uploads\/2020\/05\/Logo-Vertical.png","contentUrl":"https:\/\/funevents.party\/wp-content\/uploads\/2020\/05\/Logo-Vertical.png","width":2479,"height":1328,"caption":"Fun Events"},"image":{"@id":"https:\/\/funevents.party\/de\/#\/schema\/logo\/image\/"}}]}},"_links":{"self":[{"href":"https:\/\/funevents.party\/de\/wp-json\/wp\/v2\/product\/230","targetHints":{"allow":["GET"]}}],"collection":[{"href":"https:\/\/funevents.party\/de\/wp-json\/wp\/v2\/product"}],"about":[{"href":"https:\/\/funevents.party\/de\/wp-json\/wp\/v2\/types\/product"}],"replies":[{"embeddable":true,"href":"https:\/\/funevents.party\/de\/wp-json\/wp\/v2\/comments?post=230"}],"wp:featuredmedia":[{"embeddable":true,"href":"https:\/\/funevents.party\/de\/wp-json\/wp\/v2\/media\/925"}],"wp:attachment":[{"href":"https:\/\/funevents.party\/de\/wp-json\/wp\/v2\/media?parent=230"}],"wp:term":[{"taxonomy":"product_brand","embeddable":true,"href":"https:\/\/funevents.party\/de\/wp-json\/wp\/v2\/product_brand?post=230"},{"taxonomy":"product_cat","embeddable":true,"href":"https:\/\/funevents.party\/de\/wp-json\/wp\/v2\/product_cat?post=230"},{"taxonomy":"product_tag","embeddable":true,"href":"https:\/\/funevents.party\/de\/wp-json\/wp\/v2\/product_tag?post=230"}],"curies":[{"name":"wp","href":"https:\/\/api.w.org\/{rel}","templated":true}]}}