{"id":228,"date":"2020-06-10T09:29:08","date_gmt":"2020-06-10T09:29:08","guid":{"rendered":"https:\/\/funevents.party\/product\/hochzeitsanimationen\/"},"modified":"2023-04-18T05:38:07","modified_gmt":"2023-04-18T05:38:07","slug":"hochzeitsanimationen","status":"publish","type":"product","link":"https:\/\/funevents.party\/de\/produkt\/hochzeitsanimationen\/","title":{"rendered":"Hochzeitsanimationen"},"content":{"rendered":"[vc_row type=&#8220;in_container&#8220; full_screen_row_position=&#8220;middle&#8220; column_margin=&#8220;default&#8220; column_direction=&#8220;default&#8220; column_direction_tablet=&#8220;default&#8220; column_direction_phone=&#8220;default&#8220; scene_position=&#8220;center&#8220; text_color=&#8220;dark&#8220; text_align=&#8220;left&#8220; row_border_radius=&#8220;none&#8220; row_border_radius_applies=&#8220;bg&#8220; overlay_strength=&#8220;0.3&#8243; gradient_direction=&#8220;left_to_right&#8220; shape_divider_position=&#8220;bottom&#8220; bg_image_animation=&#8220;none&#8220;][vc_column column_padding=&#8220;no-extra-padding&#8220; column_padding_tablet=&#8220;inherit&#8220; column_padding_phone=&#8220;inherit&#8220; column_padding_position=&#8220;all&#8220; background_color_opacity=&#8220;1&#8243; background_hover_color_opacity=&#8220;1&#8243; column_shadow=&#8220;none&#8220; column_border_radius=&#8220;none&#8220; column_link_target=&#8220;_self&#8220; gradient_direction=&#8220;left_to_right&#8220; overlay_strength=&#8220;0.3&#8243; width=&#8220;1\/1&#8243; tablet_width_inherit=&#8220;default&#8220; tablet_text_alignment=&#8220;default&#8220; phone_text_alignment=&#8220;default&#8220; column_border_width=&#8220;none&#8220; column_border_style=&#8220;solid&#8220; bg_image_animation=&#8220;none&#8220;][vc_column_text]ZUSTAND:<\/p>\n<ul>\n<li>maximal 10 Kinder<\/li>\n<li>Abdeckung Bozen, Leifers, Lana Meran, Eppan, Kaltern<\/li>\n<li>100%ige Vorauszahlung<\/li>\n<li>1 Animateur<\/li>\n<li>mindestens zwei Stunden, die im Budget enthalten sind<\/li>\n<\/ul>\n[\/vc_column_text][\/vc_column][\/vc_row]\n","protected":false},"excerpt":{"rendered":"<p>Der Animateur ist f\u00fcr die Unterhaltung der kleinen G\u00e4ste auf der Hochzeit zust\u00e4ndig.<\/p>\n<ul>\n<li>Buntes Make-up oder Tattoos<\/li>\n<li>Modellierballons<\/li>\n<li>Babytanz und\/oder Spiele<\/li>\n<li style=\"font-weight: 400;\"><span style=\"font-weight: 400;\">Seifenblasen  <\/span><\/li>\n<li style=\"font-weight: 400;\"><span style=\"font-weight: 400;\">Kreative Werkstatt<\/span><\/li>\n<\/ul>\n","protected":false},"featured_media":1202,"comment_status":"open","ping_status":"closed","template":"","meta":[],"product_brand":[],"product_cat":[38],"product_tag":[39],"class_list":{"0":"post-228","1":"product","2":"type-product","3":"status-publish","4":"has-post-thumbnail","6":"product_cat-hochzeit","7":"product_tag-animation","9":"first","10":"instock","11":"virtual","12":"taxable","13":"purchasable","14":"product-type-simple"},"yoast_head":"<!-- This site is optimized with the Yoast SEO plugin v27.4 - https:\/\/yoast.com\/product\/yoast-seo-wordpress\/ -->\n<title>Hochzeitsanimationen - Fun Events<\/title>\n<meta name=\"description\" content=\"Der Animateur ist f\u00fcr die Unterhaltung der kleinen Hochzeitsteilnehmer (bis zu 10 Kinder) in Bozen, Leifers, Lana Meran, Eppan und Kalterer zust\u00e4ndig.\" \/>\n<meta name=\"robots\" content=\"index, follow, max-snippet:-1, max-image-preview:large, max-video-preview:-1\" \/>\n<link rel=\"canonical\" href=\"https:\/\/funevents.party\/de\/produkt\/hochzeitsanimationen\/\" \/>\n<meta property=\"og:locale\" content=\"de_DE\" \/>\n<meta property=\"og:type\" content=\"article\" \/>\n<meta property=\"og:title\" content=\"Hochzeitsanimationen - Fun Events\" \/>\n<meta property=\"og:description\" content=\"Der Animateur ist f\u00fcr die Unterhaltung der kleinen Hochzeitsteilnehmer (bis zu 10 Kinder) in Bozen, Leifers, Lana Meran, Eppan und Kalterer zust\u00e4ndig.\" \/>\n<meta property=\"og:url\" content=\"https:\/\/funevents.party\/de\/produkt\/hochzeitsanimationen\/\" \/>\n<meta property=\"og:site_name\" content=\"Fun Events\" \/>\n<meta property=\"article:modified_time\" content=\"2023-04-18T05:38:07+00:00\" \/>\n<meta property=\"og:image\" content=\"https:\/\/funevents.party\/wp-content\/uploads\/2020\/06\/Pack-Matrimonio.png\" \/>\n\t<meta property=\"og:image:width\" content=\"510\" \/>\n\t<meta property=\"og:image:height\" content=\"510\" \/>\n\t<meta property=\"og:image:type\" content=\"image\/png\" \/>\n<meta name=\"twitter:card\" content=\"summary_large_image\" \/>\n<meta name=\"twitter:label1\" content=\"Gesch\u00e4tzte Lesezeit\" \/>\n\t<meta name=\"twitter:data1\" content=\"1\u00a0Minute\" \/>\n<script type=\"application\/ld+json\" class=\"yoast-schema-graph\">{\"@context\":\"https:\\\/\\\/schema.org\",\"@graph\":[{\"@type\":\"WebPage\",\"@id\":\"https:\\\/\\\/funevents.party\\\/de\\\/produkt\\\/hochzeitsanimationen\\\/\",\"url\":\"https:\\\/\\\/funevents.party\\\/de\\\/produkt\\\/hochzeitsanimationen\\\/\",\"name\":\"Hochzeitsanimationen - Fun Events\",\"isPartOf\":{\"@id\":\"https:\\\/\\\/funevents.party\\\/de\\\/#website\"},\"primaryImageOfPage\":{\"@id\":\"https:\\\/\\\/funevents.party\\\/de\\\/produkt\\\/hochzeitsanimationen\\\/#primaryimage\"},\"image\":{\"@id\":\"https:\\\/\\\/funevents.party\\\/de\\\/produkt\\\/hochzeitsanimationen\\\/#primaryimage\"},\"thumbnailUrl\":\"https:\\\/\\\/funevents.party\\\/wp-content\\\/uploads\\\/2020\\\/06\\\/Crema-Rosso-Illustrazione-Amore-Fiori-Post-Instagram-467-x-467-px.png\",\"datePublished\":\"2020-06-10T09:29:08+00:00\",\"dateModified\":\"2023-04-18T05:38:07+00:00\",\"description\":\"Der Animateur ist f\u00fcr die Unterhaltung der kleinen Hochzeitsteilnehmer (bis zu 10 Kinder) in Bozen, Leifers, Lana Meran, Eppan und Kalterer zust\u00e4ndig.\",\"breadcrumb\":{\"@id\":\"https:\\\/\\\/funevents.party\\\/de\\\/produkt\\\/hochzeitsanimationen\\\/#breadcrumb\"},\"inLanguage\":\"de\",\"potentialAction\":[{\"@type\":\"ReadAction\",\"target\":[\"https:\\\/\\\/funevents.party\\\/de\\\/produkt\\\/hochzeitsanimationen\\\/\"]}]},{\"@type\":\"ImageObject\",\"inLanguage\":\"de\",\"@id\":\"https:\\\/\\\/funevents.party\\\/de\\\/produkt\\\/hochzeitsanimationen\\\/#primaryimage\",\"url\":\"https:\\\/\\\/funevents.party\\\/wp-content\\\/uploads\\\/2020\\\/06\\\/Crema-Rosso-Illustrazione-Amore-Fiori-Post-Instagram-467-x-467-px.png\",\"contentUrl\":\"https:\\\/\\\/funevents.party\\\/wp-content\\\/uploads\\\/2020\\\/06\\\/Crema-Rosso-Illustrazione-Amore-Fiori-Post-Instagram-467-x-467-px.png\",\"width\":467,\"height\":467},{\"@type\":\"BreadcrumbList\",\"@id\":\"https:\\\/\\\/funevents.party\\\/de\\\/produkt\\\/hochzeitsanimationen\\\/#breadcrumb\",\"itemListElement\":[{\"@type\":\"ListItem\",\"position\":1,\"name\":\"Home\",\"item\":\"https:\\\/\\\/funevents.party\\\/de\\\/veranstaltungen-fuer-kinder\\\/\"},{\"@type\":\"ListItem\",\"position\":2,\"name\":\"Shop\",\"item\":\"https:\\\/\\\/funevents.party\\\/de\\\/shop-2\\\/\"},{\"@type\":\"ListItem\",\"position\":3,\"name\":\"Hochzeitsanimationen\"}]},{\"@type\":\"WebSite\",\"@id\":\"https:\\\/\\\/funevents.party\\\/de\\\/#website\",\"url\":\"https:\\\/\\\/funevents.party\\\/de\\\/\",\"name\":\"Fun Events\",\"description\":\"Esperienze indimenticabili per i bambini\",\"publisher\":{\"@id\":\"https:\\\/\\\/funevents.party\\\/de\\\/#organization\"},\"potentialAction\":[{\"@type\":\"SearchAction\",\"target\":{\"@type\":\"EntryPoint\",\"urlTemplate\":\"https:\\\/\\\/funevents.party\\\/de\\\/?s={search_term_string}\"},\"query-input\":{\"@type\":\"PropertyValueSpecification\",\"valueRequired\":true,\"valueName\":\"search_term_string\"}}],\"inLanguage\":\"de\"},{\"@type\":\"Organization\",\"@id\":\"https:\\\/\\\/funevents.party\\\/de\\\/#organization\",\"name\":\"Fun Events\",\"url\":\"https:\\\/\\\/funevents.party\\\/de\\\/\",\"logo\":{\"@type\":\"ImageObject\",\"inLanguage\":\"de\",\"@id\":\"https:\\\/\\\/funevents.party\\\/de\\\/#\\\/schema\\\/logo\\\/image\\\/\",\"url\":\"https:\\\/\\\/funevents.party\\\/wp-content\\\/uploads\\\/2020\\\/05\\\/Logo-Vertical.png\",\"contentUrl\":\"https:\\\/\\\/funevents.party\\\/wp-content\\\/uploads\\\/2020\\\/05\\\/Logo-Vertical.png\",\"width\":2479,\"height\":1328,\"caption\":\"Fun Events\"},\"image\":{\"@id\":\"https:\\\/\\\/funevents.party\\\/de\\\/#\\\/schema\\\/logo\\\/image\\\/\"}}]}<\/script>\n<!-- \/ Yoast SEO plugin. -->","yoast_head_json":{"title":"Hochzeitsanimationen - Fun Events","description":"Der Animateur ist f\u00fcr die Unterhaltung der kleinen Hochzeitsteilnehmer (bis zu 10 Kinder) in Bozen, Leifers, Lana Meran, Eppan und Kalterer zust\u00e4ndig.","robots":{"index":"index","follow":"follow","max-snippet":"max-snippet:-1","max-image-preview":"max-image-preview:large","max-video-preview":"max-video-preview:-1"},"canonical":"https:\/\/funevents.party\/de\/produkt\/hochzeitsanimationen\/","og_locale":"de_DE","og_type":"article","og_title":"Hochzeitsanimationen - Fun Events","og_description":"Der Animateur ist f\u00fcr die Unterhaltung der kleinen Hochzeitsteilnehmer (bis zu 10 Kinder) in Bozen, Leifers, Lana Meran, Eppan und Kalterer zust\u00e4ndig.","og_url":"https:\/\/funevents.party\/de\/produkt\/hochzeitsanimationen\/","og_site_name":"Fun Events","article_modified_time":"2023-04-18T05:38:07+00:00","og_image":[{"width":510,"height":510,"url":"https:\/\/funevents.party\/wp-content\/uploads\/2020\/06\/Pack-Matrimonio.png","type":"image\/png"}],"twitter_card":"summary_large_image","twitter_misc":{"Gesch\u00e4tzte Lesezeit":"1\u00a0Minute"},"schema":{"@context":"https:\/\/schema.org","@graph":[{"@type":"WebPage","@id":"https:\/\/funevents.party\/de\/produkt\/hochzeitsanimationen\/","url":"https:\/\/funevents.party\/de\/produkt\/hochzeitsanimationen\/","name":"Hochzeitsanimationen - Fun Events","isPartOf":{"@id":"https:\/\/funevents.party\/de\/#website"},"primaryImageOfPage":{"@id":"https:\/\/funevents.party\/de\/produkt\/hochzeitsanimationen\/#primaryimage"},"image":{"@id":"https:\/\/funevents.party\/de\/produkt\/hochzeitsanimationen\/#primaryimage"},"thumbnailUrl":"https:\/\/funevents.party\/wp-content\/uploads\/2020\/06\/Crema-Rosso-Illustrazione-Amore-Fiori-Post-Instagram-467-x-467-px.png","datePublished":"2020-06-10T09:29:08+00:00","dateModified":"2023-04-18T05:38:07+00:00","description":"Der Animateur ist f\u00fcr die Unterhaltung der kleinen Hochzeitsteilnehmer (bis zu 10 Kinder) in Bozen, Leifers, Lana Meran, Eppan und Kalterer zust\u00e4ndig.","breadcrumb":{"@id":"https:\/\/funevents.party\/de\/produkt\/hochzeitsanimationen\/#breadcrumb"},"inLanguage":"de","potentialAction":[{"@type":"ReadAction","target":["https:\/\/funevents.party\/de\/produkt\/hochzeitsanimationen\/"]}]},{"@type":"ImageObject","inLanguage":"de","@id":"https:\/\/funevents.party\/de\/produkt\/hochzeitsanimationen\/#primaryimage","url":"https:\/\/funevents.party\/wp-content\/uploads\/2020\/06\/Crema-Rosso-Illustrazione-Amore-Fiori-Post-Instagram-467-x-467-px.png","contentUrl":"https:\/\/funevents.party\/wp-content\/uploads\/2020\/06\/Crema-Rosso-Illustrazione-Amore-Fiori-Post-Instagram-467-x-467-px.png","width":467,"height":467},{"@type":"BreadcrumbList","@id":"https:\/\/funevents.party\/de\/produkt\/hochzeitsanimationen\/#breadcrumb","itemListElement":[{"@type":"ListItem","position":1,"name":"Home","item":"https:\/\/funevents.party\/de\/veranstaltungen-fuer-kinder\/"},{"@type":"ListItem","position":2,"name":"Shop","item":"https:\/\/funevents.party\/de\/shop-2\/"},{"@type":"ListItem","position":3,"name":"Hochzeitsanimationen"}]},{"@type":"WebSite","@id":"https:\/\/funevents.party\/de\/#website","url":"https:\/\/funevents.party\/de\/","name":"Fun Events","description":"Esperienze indimenticabili per i bambini","publisher":{"@id":"https:\/\/funevents.party\/de\/#organization"},"potentialAction":[{"@type":"SearchAction","target":{"@type":"EntryPoint","urlTemplate":"https:\/\/funevents.party\/de\/?s={search_term_string}"},"query-input":{"@type":"PropertyValueSpecification","valueRequired":true,"valueName":"search_term_string"}}],"inLanguage":"de"},{"@type":"Organization","@id":"https:\/\/funevents.party\/de\/#organization","name":"Fun Events","url":"https:\/\/funevents.party\/de\/","logo":{"@type":"ImageObject","inLanguage":"de","@id":"https:\/\/funevents.party\/de\/#\/schema\/logo\/image\/","url":"https:\/\/funevents.party\/wp-content\/uploads\/2020\/05\/Logo-Vertical.png","contentUrl":"https:\/\/funevents.party\/wp-content\/uploads\/2020\/05\/Logo-Vertical.png","width":2479,"height":1328,"caption":"Fun Events"},"image":{"@id":"https:\/\/funevents.party\/de\/#\/schema\/logo\/image\/"}}]}},"_links":{"self":[{"href":"https:\/\/funevents.party\/de\/wp-json\/wp\/v2\/product\/228","targetHints":{"allow":["GET"]}}],"collection":[{"href":"https:\/\/funevents.party\/de\/wp-json\/wp\/v2\/product"}],"about":[{"href":"https:\/\/funevents.party\/de\/wp-json\/wp\/v2\/types\/product"}],"replies":[{"embeddable":true,"href":"https:\/\/funevents.party\/de\/wp-json\/wp\/v2\/comments?post=228"}],"wp:featuredmedia":[{"embeddable":true,"href":"https:\/\/funevents.party\/de\/wp-json\/wp\/v2\/media\/1202"}],"wp:attachment":[{"href":"https:\/\/funevents.party\/de\/wp-json\/wp\/v2\/media?parent=228"}],"wp:term":[{"taxonomy":"product_brand","embeddable":true,"href":"https:\/\/funevents.party\/de\/wp-json\/wp\/v2\/product_brand?post=228"},{"taxonomy":"product_cat","embeddable":true,"href":"https:\/\/funevents.party\/de\/wp-json\/wp\/v2\/product_cat?post=228"},{"taxonomy":"product_tag","embeddable":true,"href":"https:\/\/funevents.party\/de\/wp-json\/wp\/v2\/product_tag?post=228"}],"curies":[{"name":"wp","href":"https:\/\/api.w.org\/{rel}","templated":true}]}}